{"id":748,"date":"2018-12-12T15:08:32","date_gmt":"2018-12-12T15:08:32","guid":{"rendered":"https:\/\/zidex.modeltheme.com\/?post_type=product&#038;p=748"},"modified":"2025-04-29T16:50:26","modified_gmt":"2025-04-29T13:50:26","slug":"blank-male","status":"publish","type":"product","link":"https:\/\/techarttooling.com\/en\/product\/blank-male\/","title":{"rendered":"Blank Mold \u2013 Male Half"},"content":{"rendered":"<p class=\"\" data-start=\"704\" data-end=\"842\"><em data-start=\"759\" data-end=\"840\">\u00d6n formun i\u00e7 bo\u015flu\u011funu ve bo\u011faz\/kapak detaylar\u0131n\u0131 tan\u0131mlayan erkek kal\u0131p yar\u0131s\u0131.<\/em><\/p>","protected":false},"excerpt":{"rendered":"<p class=\"\" data-start=\"704\" data-end=\"842\"><em data-start=\"759\" data-end=\"840\">\u00d6nformun i\u00e7 bo\u015flu\u011funu ve bo\u011faz\/kapak detaylar\u0131n\u0131 tan\u0131mlayan erkek kal\u0131p yar\u0131s\u0131.<\/em><\/p>","protected":false},"featured_media":2519,"template":"","meta":[],"product_brand":[],"product_cat":[60],"product_tag":[],"class_list":{"0":"post-748","1":"product","2":"type-product","3":"status-publish","4":"has-post-thumbnail","6":"product_cat-techart","8":"first","9":"instock","10":"shipping-taxable","11":"product-type-simple"},"_links":{"self":[{"href":"https:\/\/techarttooling.com\/en\/wp-json\/wp\/v2\/product\/748","targetHints":{"allow":["GET"]}}],"collection":[{"href":"https:\/\/techarttooling.com\/en\/wp-json\/wp\/v2\/product"}],"about":[{"href":"https:\/\/techarttooling.com\/en\/wp-json\/wp\/v2\/types\/product"}],"wp:featuredmedia":[{"embeddable":true,"href":"https:\/\/techarttooling.com\/en\/wp-json\/wp\/v2\/media\/2519"}],"wp:attachment":[{"href":"https:\/\/techarttooling.com\/en\/wp-json\/wp\/v2\/media?parent=748"}],"wp:term":[{"taxonomy":"product_brand","embeddable":true,"href":"https:\/\/techarttooling.com\/en\/wp-json\/wp\/v2\/product_brand?post=748"},{"taxonomy":"product_cat","embeddable":true,"href":"https:\/\/techarttooling.com\/en\/wp-json\/wp\/v2\/product_cat?post=748"},{"taxonomy":"product_tag","embeddable":true,"href":"https:\/\/techarttooling.com\/en\/wp-json\/wp\/v2\/product_tag?post=748"}],"curies":[{"name":"wp","href":"https:\/\/api.w.org\/{rel}","templated":true}]}}