{"id":333,"date":"2018-11-28T10:53:23","date_gmt":"2018-11-28T10:53:23","guid":{"rendered":"http:\/\/zidex.modeltheme.com\/?page_id=333"},"modified":"2025-10-09T21:52:02","modified_gmt":"2025-10-09T18:52:02","slug":"techart","status":"publish","type":"page","link":"https:\/\/techarttooling.com\/en\/techart\/","title":{"rendered":"Techart"},"content":{"rendered":"<div class=\"wpb-content-wrapper\"><div class=\"vc_row wpb_row vc_row-fluid vc_custom_1543405401684\"><div class=\"wpb_column vc_column_container vc_col-sm-12\"><div class=\"vc_column-inner\"><div class=\"wpb_wrapper\"><div class=\"vc_row wpb_row vc_inner vc_row-fluid\"><div class=\"wpb_column vc_column_container vc_col-sm-12\"><div class=\"vc_column-inner\"><div class=\"wpb_wrapper\"><div class=\"title-subtile-holder  animateIn text_left title_subtitle_style_v2 subtitle_right\" data-animate=\"no_animation\"><h3 style=\"\" class=\"section-title dark_title\">Techart<\/h3><div style=\"\" class=\"section-subtitle dark_subtitle\">With Our World Class, Environmentally Friendly Production Approach, We Are Here For You With Quality And Variety...<\/div><\/div><\/div><\/div><\/div><\/div><div class=\"vc_row wpb_row vc_inner vc_row-fluid vc_custom_1548862495705\"><div class=\"wpb_column vc_column_container vc_col-sm-12\"><div class=\"vc_column-inner\"><div class=\"wpb_wrapper\">\n\t<div class=\"wpb_text_column wpb_content_element\" >\n\t\t<div class=\"wpb_wrapper\">\n\t\t\t<p>Techart has been designing and manufacturing mould parts used in IS machines for the glass industry since 2022. Furthermore, thanks to its experienced personnel, it also designs layouts for BB, PB, and NNPB processes.<\/p>\n<p>The production department utilizes CAD-CAM software, 4-axis and 3-axis high-speed CNC machining centers and CNC lathes.<\/p>\n<p>Techart partners with Fonderia Valdelsane (Italy), a world-leading company renowned for its commitment to excellence in material performance within mould production.<\/p>\n<p>With its unique patent (the first and only in T\u00fcrkiye) the company is set to soon expand into modification work on glass forming machine mechanisms.<\/p>\n\n\t\t<\/div>\n\t<\/div>\n<\/div><\/div><\/div><\/div><div class=\"vc_row wpb_row vc_inner vc_row-fluid vc_custom_1543405343874\"><div class=\"wpb_column vc_column_container vc_col-sm-12\"><div class=\"vc_column-inner\"><div class=\"wpb_wrapper\">\n\t<div  class=\"wpb_single_image wpb_content_element vc_align_left wpb_content_element\">\n\t\t\n\t\t<figure class=\"wpb_wrapper vc_figure\">\n\t\t\t<div class=\"vc_single_image-wrapper   vc_box_border_grey\"><img loading=\"lazy\" decoding=\"async\" width=\"1184\" height=\"864\" src=\"https:\/\/techarttooling.com\/wp-content\/uploads\/2025\/10\/WhatsApp-Image-2025-10-09-at-09.11.38.jpeg\" class=\"vc_single_image-img attachment-full\" alt=\"\" title=\"TechArt_New\" srcset=\"https:\/\/techarttooling.com\/wp-content\/uploads\/2025\/10\/WhatsApp-Image-2025-10-09-at-09.11.38.jpeg 1184w, https:\/\/techarttooling.com\/wp-content\/uploads\/2025\/10\/WhatsApp-Image-2025-10-09-at-09.11.38-300x219.jpeg 300w, https:\/\/techarttooling.com\/wp-content\/uploads\/2025\/10\/WhatsApp-Image-2025-10-09-at-09.11.38-1024x747.jpeg 1024w, https:\/\/techarttooling.com\/wp-content\/uploads\/2025\/10\/WhatsApp-Image-2025-10-09-at-09.11.38-768x560.jpeg 768w, https:\/\/techarttooling.com\/wp-content\/uploads\/2025\/10\/WhatsApp-Image-2025-10-09-at-09.11.38-600x438.jpeg 600w\" sizes=\"auto, (max-width: 1184px) 100vw, 1184px\" \/><\/div>\n\t\t<\/figure>\n\t<\/div>\n<\/div><\/div><\/div><\/div><\/div><\/div><\/div><\/div><div class=\"vc_row wpb_row vc_row-fluid vc_custom_1716536868768\"><div class=\"wpb_column vc_column_container vc_col-sm-12\"><div class=\"vc_column-inner\"><div class=\"wpb_wrapper\"><div class=\"vc_row wpb_row vc_inner vc_row-fluid\"><div class=\"wpb_column vc_column_container vc_col-sm-12\"><div class=\"vc_column-inner\"><div class=\"wpb_wrapper\"><div class=\"title-subtile-holder  animateIn text_left title_subtitle_style_v2 subtitle_right\" data-animate=\"no_animation\"><h3 style=\"\" class=\"section-title dark_title\">Techart<\/h3><div style=\"\" class=\"section-subtitle dark_subtitle\">From mould design to high-precision manufacturing, it provides innovative and reliable solutions for the glass industry.<\/div><\/div><\/div><\/div><\/div><\/div><div class=\"vc_row wpb_row vc_inner vc_row-fluid vc_custom_1543315380363\"><div class=\"wpb_column vc_column_container vc_col-sm-4\"><div class=\"vc_column-inner\"><div class=\"wpb_wrapper\"><a href=\"\" class=\"mt_thumbnails_custom_content_link\"><div class=\"mt_thumbnails_custom_content_link_content\" data-animate=\"\" style=\"text-align:left\"><img decoding=\"async\" data-holder-rendered=\"true\" src=\"https:\/\/techarttooling.com\/wp-content\/uploads\/2025\/04\/quality.png\" data-src=\"https:\/\/techarttooling.com\/wp-content\/uploads\/2025\/04\/quality.png\" alt=\"Kalite Odakl\u0131 Anlay\u0131\u015f\"><div class=\"caption\"><h3>Quality Oriented Approach<\/h3><p>A leading global company committed to high technology, quality and long lasting products.<\/p><\/div><\/div><\/a><div class=\"vc_empty_space\"   style=\"height: 28px\"><span class=\"vc_empty_space_inner\"><\/span><\/div><a href=\"\" class=\"mt_thumbnails_custom_content_link\"><div class=\"mt_thumbnails_custom_content_link_content\" data-animate=\"\" style=\"text-align:left\"><img decoding=\"async\" data-holder-rendered=\"true\" src=\"https:\/\/techarttooling.com\/wp-content\/uploads\/2025\/04\/globe.png\" data-src=\"https:\/\/techarttooling.com\/wp-content\/uploads\/2025\/04\/globe.png\" alt=\"D\u00fcnyay\u0131 Saran A\u011f\"><div class=\"caption\"><h3>Worldwide Network<\/h3><p>We operate in many countries together with our stakeholders and solution partners. We continue to grow and develop with increasing capacity every day.<\/p><\/div><\/div><\/a><div class=\"vc_empty_space\"   style=\"height: 28px\"><span class=\"vc_empty_space_inner\"><\/span><\/div><\/div><\/div><\/div><div class=\"wpb_column vc_column_container vc_col-sm-4\"><div class=\"vc_column-inner\"><div class=\"wpb_wrapper\"><a href=\"\" class=\"mt_thumbnails_custom_content_link\"><div class=\"mt_thumbnails_custom_content_link_content\" data-animate=\"\" style=\"text-align:left\"><img decoding=\"async\" data-holder-rendered=\"true\" src=\"https:\/\/techarttooling.com\/wp-content\/uploads\/2025\/04\/diversity_color.png\" data-src=\"https:\/\/techarttooling.com\/wp-content\/uploads\/2025\/04\/diversity_color.png\" alt=\"Geni\u015f \u00dcr\u00fcn Yelpazesi\"><div class=\"caption\"><h3>Comprehensive Product Portfolio<\/h3><p>We manufacture products that strengthen your production with a wide range of products and manufacturing solutions tailored to all your needs.<\/p><\/div><\/div><\/a><div class=\"vc_empty_space\"   style=\"height: 28px\"><span class=\"vc_empty_space_inner\"><\/span><\/div><a href=\"\" class=\"mt_thumbnails_custom_content_link\"><div class=\"mt_thumbnails_custom_content_link_content\" data-animate=\"\" style=\"text-align:left\"><img decoding=\"async\" data-holder-rendered=\"true\" src=\"https:\/\/techarttooling.com\/wp-content\/uploads\/2025\/04\/eco.png\" data-src=\"https:\/\/techarttooling.com\/wp-content\/uploads\/2025\/04\/eco.png\" alt=\"\u00c7evre Dostu ve Verimli\"><div class=\"caption\"><h3>Eco Friendly and Efficient<\/h3><p>We manufacture using the most efficient technologies, minimizing emissions and ensuring no harm to living beings.<\/p><\/div><\/div><\/a><div class=\"vc_empty_space\"   style=\"height: 28px\"><span class=\"vc_empty_space_inner\"><\/span><\/div><\/div><\/div><\/div><div class=\"wpb_column vc_column_container vc_col-sm-4\"><div class=\"vc_column-inner\"><div class=\"wpb_wrapper\">\n\t<div  class=\"wpb_single_image wpb_content_element vc_align_center wpb_content_element\">\n\t\t\n\t\t<figure class=\"wpb_wrapper vc_figure\">\n\t\t\t<div class=\"vc_single_image-wrapper   vc_box_border_grey\"><img loading=\"lazy\" decoding=\"async\" width=\"360\" height=\"619\" src=\"https:\/\/techarttooling.com\/wp-content\/uploads\/2018\/11\/video.png\" class=\"vc_single_image-img attachment-full\" alt=\"\" title=\"video\" \/><\/div>\n\t\t<\/figure>\n\t<\/div>\n<\/div><\/div><\/div><\/div><\/div><\/div><\/div><\/div><div class=\"vc_row wpb_row vc_row-fluid\"><div class=\"wpb_column vc_column_container vc_col-sm-12\"><div class=\"vc_column-inner\"><div class=\"wpb_wrapper\"><div class=\"vc_separator wpb_content_element vc_separator_align_center vc_sep_width_100 vc_sep_pos_align_center vc_separator_no_text vc_sep_color_grey wpb_content_element  wpb_content_element\" ><span class=\"vc_sep_holder vc_sep_holder_l\"><span class=\"vc_sep_line\"><\/span><\/span><span class=\"vc_sep_holder vc_sep_holder_r\"><span class=\"vc_sep_line\"><\/span><\/span>\n<\/div><\/div><\/div><\/div><\/div>\n<\/div>","protected":false},"excerpt":{"rendered":"TechartD\u00fcnya Standartlar\u0131nda \u00c7evre Dostu \u00dcretim Anlay\u0131\u015f\u0131m\u0131zla Kalite ve \u00c7e\u015fitlilik \u0130\u00e7in Sizlerleyiz... Techart Makine, 2022\u2019den bu yana cam sanayii i\u00e7in I.S. makinelerinde kullan\u0131lmakta olan kal\u0131p par\u00e7alar\u0131n\u0131 hem tasarlamakta hem de \u00fcretmektedir. Ayr\u0131ca, kendi b\u00fcnyesindeki tecr\u00fcbeli personelleri sayesinde; BB, PB ve NNPB prosesleri i\u00e7in Parizon (Layout) tasar\u0131mlar\u0131 da yapmaktad\u0131r. \u00dcretim b\u00f6l\u00fcm\u00fcnde; CAD-CAM yaz\u0131l\u0131mlar\u0131n\u0131, 4 eksenli ve 3 [...]","protected":false},"author":1,"featured_media":0,"parent":0,"menu_order":0,"comment_status":"closed","ping_status":"closed","template":"","meta":{"footnotes":""},"class_list":["post-333","page","type-page","status-publish","hentry"],"_links":{"self":[{"href":"https:\/\/techarttooling.com\/en\/wp-json\/wp\/v2\/pages\/333","targetHints":{"allow":["GET"]}}],"collection":[{"href":"https:\/\/techarttooling.com\/en\/wp-json\/wp\/v2\/pages"}],"about":[{"href":"https:\/\/techarttooling.com\/en\/wp-json\/wp\/v2\/types\/page"}],"author":[{"embeddable":true,"href":"https:\/\/techarttooling.com\/en\/wp-json\/wp\/v2\/users\/1"}],"replies":[{"embeddable":true,"href":"https:\/\/techarttooling.com\/en\/wp-json\/wp\/v2\/comments?post=333"}],"version-history":[{"count":27,"href":"https:\/\/techarttooling.com\/en\/wp-json\/wp\/v2\/pages\/333\/revisions"}],"predecessor-version":[{"id":2718,"href":"https:\/\/techarttooling.com\/en\/wp-json\/wp\/v2\/pages\/333\/revisions\/2718"}],"wp:attachment":[{"href":"https:\/\/techarttooling.com\/en\/wp-json\/wp\/v2\/media?parent=333"}],"curies":[{"name":"wp","href":"https:\/\/api.w.org\/{rel}","templated":true}]}}