{"id":327,"date":"2018-11-28T10:52:42","date_gmt":"2018-11-28T10:52:42","guid":{"rendered":"http:\/\/zidex.modeltheme.com\/?page_id=327"},"modified":"2025-05-10T10:20:15","modified_gmt":"2025-05-10T07:20:15","slug":"cozumler","status":"publish","type":"page","link":"https:\/\/techarttooling.com\/en\/cozumler\/","title":{"rendered":"Solutions"},"content":{"rendered":"<div class=\"wpb-content-wrapper\"><div class=\"vc_row wpb_row vc_row-fluid vc_custom_1543502675402\"><div class=\"wpb_column vc_column_container vc_col-sm-12\"><div class=\"vc_column-inner\"><div class=\"wpb_wrapper\"><div class=\"vc_row wpb_row vc_inner vc_row-fluid\"><div class=\"wpb_column vc_column_container vc_col-sm-12\"><div class=\"vc_column-inner\"><div class=\"wpb_wrapper\"><div class=\"title-subtile-holder  animateIn text_left title_subtitle_style_v2 subtitle_right\" data-animate=\"no_animation\"><h3 style=\"\" class=\"section-title dark_title\">OUR PROJECTS<\/h3><div style=\"\" class=\"section-subtitle dark_subtitle\">ALWAYS PREPARED WITH DEDICATION AND LOYALTY<\/div><\/div><\/div><\/div><\/div><\/div><div class=\"vc_row wpb_row vc_inner vc_row-fluid vc_custom_1542114986522\"><div class=\"wpb_column vc_column_container vc_col-sm-12\"><div class=\"vc_column-inner\"><div class=\"wpb_wrapper\">\n\t<div class=\"wpb_text_column wpb_content_element\" >\n\t\t<div class=\"wpb_wrapper\">\n\t\t\t<div id=\"comp-lbqlmq7p\" class=\"HcOXKn c9GqVL QxJLC3 comp-lbqlmq7p wixui-rich-text\" data-testid=\"richTextElement\">\n<h2 class=\"font_2 wixui-rich-text__text\"><span class=\"color_15 wixui-rich-text__text\"><span class=\"wixui-rich-text__text\"><img loading=\"lazy\" decoding=\"async\" class=\"alignleft wp-image-2550\" src=\"http:\/\/techarttooling.com\/wp-content\/uploads\/2025\/04\/mould.jpg\" alt=\"\" width=\"290\" height=\"421\" \/><\/span><\/span><\/h2>\n<h2><\/h2>\n<h2><\/h2>\n<h2 class=\"font_2 wixui-rich-text__text\"><span class=\"color_15 wixui-rich-text__text\"><span class=\"wixui-rich-text__text\">GLASS BOTTLE MOULDS<\/span><\/span><\/h2>\n<p>&nbsp;<\/p>\n<\/div>\n<div id=\"comp-kkbgdfj7\" class=\"HcOXKn c9GqVL QxJLC3 comp-kkbgdfj7 wixui-rich-text\" data-testid=\"richTextElement\">\n<p class=\"font_8 wixui-rich-text__text\"><span class=\"wixui-rich-text__text\"><span class=\"color_14 wixui-rich-text__text\">Container glass manufacturers face increasingly demanding consumer requirements, rising energy costs and increased competition from alternative competitors. As a result, mould suppliers must be able to meet demands for better quality and shorter delivery times while maintaining a competitive price level.<br class=\"wixui-rich-text__text\" \/><br class=\"wixui-rich-text__text\" \/>At TECHART, we have gained a great deal of experience by continuously investing in improving our production processes since we established. Over the past 15 years, TECHART has responded to increasing demand through acquisitions and more recently, through green space initiatives.<br class=\"wixui-rich-text__text\" \/><br class=\"wixui-rich-text__text\" \/>Today, as one of the world's leading mould manufacturers, we continue to adapt our structure to the changing needs of the glass mould industry. Based on a strategy of quality, innovation, expansion and a constant desire to exceed customer expectations, TECHART is dedicated to serve the world of glass.<\/span><\/span><\/p>\n<\/div>\n\n\t\t<\/div>\n\t<\/div>\n<div class=\"vc_separator wpb_content_element vc_separator_align_center vc_sep_width_100 vc_sep_border_width_3 vc_sep_pos_align_center vc_separator_no_text vc_sep_color_grey wpb_content_element  wpb_content_element\" ><span class=\"vc_sep_holder vc_sep_holder_l\"><span class=\"vc_sep_line\"><\/span><\/span><span class=\"vc_sep_holder vc_sep_holder_r\"><span class=\"vc_sep_line\"><\/span><\/span>\n<\/div>\n\t<div class=\"wpb_text_column wpb_content_element\" >\n\t\t<div class=\"wpb_wrapper\">\n\t\t\t<div id=\"comp-lbqlmq7p\" class=\"HcOXKn c9GqVL QxJLC3 comp-lbqlmq7p wixui-rich-text\" data-testid=\"richTextElement\">\n<h2><img loading=\"lazy\" decoding=\"async\" class=\"size-full wp-image-2556 alignright\" src=\"http:\/\/techarttooling.com\/wp-content\/uploads\/2025\/04\/glass_jar.webp\" alt=\"\" width=\"500\" height=\"375\" \/><\/h2>\n<h2><\/h2>\n<h2 class=\"font_2 wixui-rich-text__text\"><span class=\"color_15 wixui-rich-text__text\"><span class=\"wixui-rich-text__text\">GLASS JAR MOULDS<\/span><\/span><\/h2>\n<p>&nbsp;<\/p>\n<\/div>\n<div id=\"comp-kkbgdfj7\" class=\"HcOXKn c9GqVL QxJLC3 comp-kkbgdfj7 wixui-rich-text\" data-testid=\"richTextElement\">\n<p class=\"font_8 wixui-rich-text__text\"><span class=\"wixui-rich-text__text\"><span class=\"color_14 wixui-rich-text__text\">The versatility of glass is legendary. Moulds are key to bringing your ideas to life in glass. We offer a complete range of mold parts for glass container production, whether for cosmetics, pharmaceuticals, tableware, jars, bottles for fruit juices, beers and spirits. <\/span><\/span><\/p>\n<p class=\"font_8 wixui-rich-text__text\"><span class=\"wixui-rich-text__text\"><span class=\"color_14 wixui-rich-text__text\">We offer equipment for any shape from a wide variety of high-quality cast iron or aluminum bronze, using various welding techniques to extend mold life. We provide a complete range of services to ensure your project's success.<\/span><\/span><\/p>\n<p class=\"font_8 wixui-rich-text__text\"><span class=\"wixui-rich-text__text\"><span class=\"color_14 wixui-rich-text__text\">If you have any questions, please feel free to contact us.\u00a0<\/span><\/span><\/p>\n<\/div>\n\n\t\t<\/div>\n\t<\/div>\n<\/div><\/div><\/div><\/div><\/div><\/div><\/div><\/div><div class=\"vc_row wpb_row vc_row-fluid\"><div class=\"wpb_column vc_column_container vc_col-sm-12\"><div class=\"vc_column-inner\"><div class=\"wpb_wrapper\"><div class=\"vc_separator wpb_content_element vc_separator_align_center vc_sep_width_100 vc_sep_border_width_3 vc_sep_pos_align_center vc_separator_no_text vc_sep_color_grey wpb_content_element  wpb_content_element\" ><span class=\"vc_sep_holder vc_sep_holder_l\"><span class=\"vc_sep_line\"><\/span><\/span><span class=\"vc_sep_holder vc_sep_holder_r\"><span class=\"vc_sep_line\"><\/span><\/span>\n<\/div><\/div><\/div><\/div><\/div>\n<\/div>","protected":false},"excerpt":{"rendered":"PROJELER\u0130M\u0130ZHER ZAMAN \u00d6ZVER\u0130L\u0130 VE ADANMI\u015e OLARAK HAZIRLANIR CAM \u015e\u0130\u015eE KALIPLARI &nbsp; Cam \u015fi\u015fe ve kavanoz \u00fcreticileri, daha zorlu t\u00fcketici talepleri, artan enerji maliyetleri ve alternatif ambalajlardan kaynaklanan artan rekabetle kar\u015f\u0131 kar\u015f\u0131yad\u0131r. Sonu\u00e7 olarak, kal\u0131p tedarik\u00e7ileri rekabet\u00e7i bir fiyat seviyesini korurken daha iyi kalite ve daha k\u0131sa teslim s\u00fcresi taleplerini kar\u015f\u0131layabilmelidir.TECHART'da biz, kurulu\u015fumuzdan bu yana \u00fcretim [...]","protected":false},"author":1,"featured_media":0,"parent":0,"menu_order":0,"comment_status":"closed","ping_status":"closed","template":"","meta":{"footnotes":""},"class_list":["post-327","page","type-page","status-publish","hentry"],"_links":{"self":[{"href":"https:\/\/techarttooling.com\/en\/wp-json\/wp\/v2\/pages\/327","targetHints":{"allow":["GET"]}}],"collection":[{"href":"https:\/\/techarttooling.com\/en\/wp-json\/wp\/v2\/pages"}],"about":[{"href":"https:\/\/techarttooling.com\/en\/wp-json\/wp\/v2\/types\/page"}],"author":[{"embeddable":true,"href":"https:\/\/techarttooling.com\/en\/wp-json\/wp\/v2\/users\/1"}],"replies":[{"embeddable":true,"href":"https:\/\/techarttooling.com\/en\/wp-json\/wp\/v2\/comments?post=327"}],"version-history":[{"count":15,"href":"https:\/\/techarttooling.com\/en\/wp-json\/wp\/v2\/pages\/327\/revisions"}],"predecessor-version":[{"id":2658,"href":"https:\/\/techarttooling.com\/en\/wp-json\/wp\/v2\/pages\/327\/revisions\/2658"}],"wp:attachment":[{"href":"https:\/\/techarttooling.com\/en\/wp-json\/wp\/v2\/media?parent=327"}],"curies":[{"name":"wp","href":"https:\/\/api.w.org\/{rel}","templated":true}]}}